{"id":3,"date":"2023-06-21T12:24:16","date_gmt":"2023-06-21T12:24:16","guid":{"rendered":"https:\/\/zalia-korta.lt\/?page_id=3"},"modified":"2023-08-30T11:48:01","modified_gmt":"2023-08-30T11:48:01","slug":"privatumo-politika","status":"publish","type":"page","link":"https:\/\/zalia-korta.lt\/index.php\/privatumo-politika\/","title":{"rendered":"Privatumo politika"},"content":{"rendered":"<p><strong>Privatumo politika<\/strong><\/p><p>\u0160is dokumentas apra\u0161o, kaip mes renkame, naudojame ir saugome j\u016bs\u0173 asmenin\u0119 informacij\u0105, kai naudojat\u0117s m\u016bs\u0173 svetaine ir paslaugomis, susijusiomis su \u017ealiosios kortos loterija. Mes dedame visas pastangas u\u017etikrinti j\u016bs\u0173 duomen\u0173 saugum\u0105 ir privatum\u0105. \u0160i privatumo politika galioja tik zalia-korta.lt svetain\u0117je ir su ja susijusioms paslaugoms.<\/p><p><strong>Asmenin\u0117 informacija, kuri\u0105 renkame<\/strong><\/p><p>Kai naudojat\u0117s m\u016bs\u0173 svetaine ir paslaugomis, mes galime pra\u0161yti pateikti tam tikr\u0105 asmenin\u0119 informacij\u0105, pvz., vard\u0105, el. pa\u0161t\u0105, telefono numer\u012f ir kt. \u0160i informacija yra renkama tik su j\u016bs\u0173 sutikimu ir siekiama u\u017etikrinti j\u016bs\u0173 tinkam\u0105 dalyvavim\u0105 \u017ealiosios kortos loterijoje.<\/p><p><strong>Kaip naudojame j\u016bs\u0173 informacij\u0105<\/strong><\/p><p>J\u016bs\u0173 pateikta asmenin\u0117 informacija gali b\u016bti naudojama \u0161iais tikslais:<\/p><ol class=\"wp-block-list\"><li>U\u017etikrinti, kad j\u016bs\u0173 registracija \u017ealiosios kortos loterijai b\u016bt\u0173 teisinga ir visapusi\u0161ka.<\/li>\n\n<li>Bendrauti su jumis d\u0117l j\u016bs\u0173 dalyvavimo loterijoje ir suteikti su tuo susijusi\u0105 informacij\u0105 (pvz. prane\u0161imas apie laim\u0117jim\u0105)<\/li>\n\n<li>Pagerinti m\u016bs\u0173 paslaug\u0173 kokyb\u0119 ir tinkamai atsakyti \u012f j\u016bs\u0173 poreikius.<\/li><\/ol><p><strong>Duomen\u0173 saugumas<\/strong> ir dalinimasis su tre\u010diosiomis \u0161alimis.<\/p><p>Mes imam\u0117s saugumo priemoni\u0173, kad apsaugotume j\u016bs\u0173 asmenin\u0119 informacij\u0105 nuo neleistino prieigos, pakeitim\u0173 ar perdavimo. Ta\u010diau reikia suprasti, kad visi internetu perduodami duomenys turi tam tikr\u0105 rizik\u0105, tod\u0117l mes negalime garantuoti visi\u0161ko duomen\u0173 saugumo.<\/p><p>J\u016bs\u0173 asmens duomenis perduodame Jungtini\u0173 Amerikos Valstij\u0173 imigracijos departamentui su tikslu u\u017eregistruoti jus \u012f \u017ealiosios kortos loterijoj\u0105 kuri yra administruojama JAV vyriausyb\u0117s.<\/p><p><strong>Kas yra slapukai<\/strong><\/p><p>Slapukai yra nedidel\u0117s tekstin\u0117s informacijos fragmentai, kurie saugomi j\u016bs\u0173 kompiuteryje arba \u012frenginyje, kai lankot\u0117s svetain\u0117je. Slapukai naudojami tam, kad pagerint\u0173 j\u016bs\u0173 nar\u0161ymo patirt\u012f, suprast\u0173, kaip j\u016bs naudojat\u0117s svetaine, ir pad\u0117t\u0173 mums tobulinti svetain\u0117s funkcionalum\u0105.<\/p><p><strong>Kokius slapukus naudojame ir kod\u0117l<\/strong><\/p><ol class=\"wp-block-list\"><li><strong>B\u016btini slapukai:<\/strong> \u0160ie slapukai yra b\u016btini tam, kad svetain\u0117 veikt\u0173 tinkamai. Jie leid\u017eia jums prisijungti prie vartotojo paskyros, nar\u0161yti per svetain\u0119 ir naudotis jos funkcijomis.<\/li>\n\n<li><strong>Veiklos steb\u0117jimo slapukai:<\/strong> Mes naudojame \u0161iuos slapukus, kad su\u017einotume, kaip lankytojai naudojasi m\u016bs\u0173 svetaine, kuriuos puslapius jie lanko da\u017eniausiai, ir kaip jie s\u0105veikauja su turiniu. \u0160i informacija padeda mums geriau suprasti, kaip galime tobulinti svetain\u0119.<\/li>\n\n<li><strong>Funkciniai slapukai:<\/strong> \u0160ie slapukai prisimena j\u016bs\u0173 pasirinkimus ir nustatymus, pvz., kalb\u0105, taip pat padeda u\u017etikrinti, kad j\u016bs\u0173 prisijungimas b\u016bt\u0173 patogus.<\/li><\/ol><p><strong>Slapuk\u0173 valdymas<\/strong><\/p><p>J\u016bs galite nustatyti savo nar\u0161ykl\u0119 atsisakyti vis\u0173 arba kai kuri\u0173 slapuk\u0173. Ta\u010diau b\u016bkite atsarg\u016bs, kad atsisakius b\u016btin\u0173j\u0173 slapuk\u0173 svetain\u0117 gali neveikti tinkamai.<\/p><p><strong>Tretieji paslaug\u0173 tiek\u0117jai<\/strong><\/p><p>Mes taip pat gali leisti tretiesiems asmenims, pvz., analiz\u0117s paslaug\u0173 tiek\u0117jams, naudoti slapukus m\u016bs\u0173 svetain\u0117je siekiant suprasti, kaip \u017emon\u0117s naudojasi ja. \u0160ie slapukai gali taip pat pad\u0117ti jiems rinkti informacij\u0105 apie j\u016bs\u0173 veiksmus per laik\u0105 ir skirtingose svetain\u0117se.<\/p><p><strong>Pakeitimai slapuk\u0173 politikoje<\/strong><\/p><p>Mes gali atnaujinti \u0161i\u0105 slapuk\u0173 politik\u0105 laiku nuo laiko, kad atitiktume teis\u0117s akt\u0173 reikalavimus ir pasikeitusius m\u016bs\u0173 paslaug\u0173 aspektus. Kiekvienas pakeitimas bus skelbiamas \u0161iame dokumente su pakeitimo dat\u0105.<\/p><p><strong>Kaip susisiekti su mumis<\/strong><\/p><p>Jei turite klausim\u0173 arba susir\u016bpinim\u0173 d\u0117l slapuk\u0173 politikos ar j\u016bs\u0173 asmenini\u0173 duomen\u0173 naudojimo, pra\u0161ome susisiekti su mumis naudodami [kontaktin\u0119 informacij\u0105, pateikt\u0105 svetain\u0117je].<\/p><p><strong>J\u016bs\u0173 teis\u0117s<\/strong><\/p><p>J\u016bs turite teis\u0119 gauti informacij\u0105 apie j\u016bs\u0173 saugomus duomenis, pra\u0161yti taisym\u0173 ar \u0161alinimo, jei duomenys yra netiksl\u016bs ar nebenaudojami tinkamai.<\/p><p><strong>Susisiekite su mumis<\/strong><\/p><p>Jeigu turite klausim\u0173 d\u0117l \u0161ios privatumo politikos ar j\u016bs\u0173 asmenin\u0117s informacijos tvarkymo, pra\u0161ome susisiekti su mumis naudodami [kontaktin\u0119 informacij\u0105, pateikt\u0105 svetain\u0117je].<\/p><p><strong>Pakeitimai \u0161ioje privatumo politikoje<\/strong><\/p><p>Mes galime atnaujinti \u0161i\u0105 privatumo politik\u0105 laiku nuo laiko, atsi\u017evelgdami \u012f pasikeitusius teis\u0117s aktus ar m\u016bs\u0173 veikl\u0105. Kiekvienas pakeitimas bus skelbiamas \u0161iame dokumente su pakeitimo dat\u0105.<\/p><p>\u0160i privatumo politika \u012fsigalioja nuo [data, nuo kurios pradeda galioti].<\/p>","protected":false},"excerpt":{"rendered":"<p>Privatumo politika \u0160is dokumentas apra\u0161o, kaip mes renkame, naudojame ir saugome j\u016bs\u0173 asmenin\u0119 informacij\u0105, kai naudojat\u0117s m\u016bs\u0173 svetaine ir paslaugomis,<\/p>\n","protected":false},"author":1,"featured_media":0,"parent":0,"menu_order":0,"comment_status":"closed","ping_status":"closed","template":"","meta":{"_monsterinsights_skip_tracking":false,"_monsterinsights_sitenote_active":false,"_monsterinsights_sitenote_note":"","_monsterinsights_sitenote_category":0,"_uf_show_specific_survey":0,"_uf_disable_surveys":false,"footnotes":""},"class_list":["post-3","page","type-page","status-publish","hentry"],"aioseo_notices":[],"_links":{"self":[{"href":"https:\/\/zalia-korta.lt\/index.php\/wp-json\/wp\/v2\/pages\/3","targetHints":{"allow":["GET"]}}],"collection":[{"href":"https:\/\/zalia-korta.lt\/index.php\/wp-json\/wp\/v2\/pages"}],"about":[{"href":"https:\/\/zalia-korta.lt\/index.php\/wp-json\/wp\/v2\/types\/page"}],"author":[{"embeddable":true,"href":"https:\/\/zalia-korta.lt\/index.php\/wp-json\/wp\/v2\/users\/1"}],"replies":[{"embeddable":true,"href":"https:\/\/zalia-korta.lt\/index.php\/wp-json\/wp\/v2\/comments?post=3"}],"version-history":[{"count":2,"href":"https:\/\/zalia-korta.lt\/index.php\/wp-json\/wp\/v2\/pages\/3\/revisions"}],"predecessor-version":[{"id":15711,"href":"https:\/\/zalia-korta.lt\/index.php\/wp-json\/wp\/v2\/pages\/3\/revisions\/15711"}],"wp:attachment":[{"href":"https:\/\/zalia-korta.lt\/index.php\/wp-json\/wp\/v2\/media?parent=3"}],"curies":[{"name":"wp","href":"https:\/\/api.w.org\/{rel}","templated":true}]}}