{"id":9,"date":"2023-08-30T12:03:06","date_gmt":"2023-08-30T12:03:06","guid":{"rendered":"https:\/\/zalia-korta.lt\/?page_id=9"},"modified":"2024-01-23T17:41:51","modified_gmt":"2024-01-23T17:41:51","slug":"taisykles","status":"publish","type":"page","link":"https:\/\/zalia-korta.lt\/index.php\/taisykles\/","title":{"rendered":"Taisykl\u0117s"},"content":{"rendered":"<p><strong>Svetain\u0117s taisykl\u0117s<\/strong><\/p><p>\u0160is dokumentas nustato zalia-korta.lt svetain\u0117s taisykles ir s\u0105lygas, kuriomis vyksta preki\u0173 pardavimas per m\u016bs\u0173 svetain\u0119. Skaitykite \u0161i\u0105 informacij\u0105 atid\u017eiai prie\u0161 perkant m\u016bs\u0173 si\u016blomas prekes, t.y. bilietus \u017ealiai kortai laim\u0117ti.<\/p><p><strong>U\u017esakymai<\/strong><\/p><ul class=\"wp-block-list\"><li>Nor\u0117dami padaryti u\u017esakym\u0105 m\u016bs\u0173 parduotuv\u0117je, turite tur\u0117ti galimyb\u0119 atsiskaityti internetiniu mok\u0117jimu, kadangi mok\u0117jim\u0173 grynais pinigais neprimame.<\/li>\n\n<li>Kai esate pasiruo\u0161\u0119 vykdyti bilieto u\u017esakym\u0105, paspauskite svetain\u0117s vir\u0161uje, de\u0161ini\u0105jame kampe esant\u012f mygtuk\u0105 &#8222;Bilietai&#8221;, i\u0161sirinkite norim\u0105 biliet\u0173 skai\u010di\u0173 ir eikite \u012f apmok\u0117jimo lang\u0105, kuriame gal\u0117site atsiskaityti.<\/li>\n\n<li>Po u\u017esakymo pateikimo gausite patvirtinim\u0105 el. pa\u0161tu su u\u017esakymo detalemis. Pra\u0161ome u\u017etikrinti, kad pateik\u0117te teising\u0105 el. pa\u0161to adres\u0105, kadangi per 24h nuo u\u017esakymo gausite el. lai\u0161k\u0105 kuriame pra\u0161ysime pateikti visus duomenis reikalingus dalyvauti \u017ealios kortos loterijoje.<\/li><\/ul><p><strong>Mok\u0117jimas<\/strong><\/p><ul class=\"wp-block-list\"><li>Mes priimame mok\u0117jimus tik bankine kortele arba bankiniu pervedimu. Mok\u0117jim\u0105 atlikti galima \u0161ioje svetain\u0117je arba m\u016bs\u0173 oficialioje instagram paskyroje.<\/li>\n\n<li>Mok\u0117jimo duomenys yra saug\u016bs ir jais nesidalinama su tre\u010diosiomis \u0161alimis.<\/li><\/ul><p><strong>Pristatymas<\/strong><\/p><ul class=\"wp-block-list\"><li>M\u016bs\u0173 parduodamas bilietas yra virtualus, tai n\u0117ra fizin\u0117 prek\u0117, o virtuali paslauga kurios u\u017esakymo metu vyksta pirk\u0117jo duomen\u0173 registracij\u0105 \u012f JAV imigracijos departamento vykdom\u0105 kasmetin\u0119 \u017ealiosios kortos loterij\u0105.<\/li>\n\n<li>Registracija \u012f loterij\u0105 vykdoma pagal JAV \u017ealios loterijos duotus kasmetinius terminus.<\/li>\n\n<li>Gausite el. lai\u0161k\u0105 su informacija kaip galite matyti savo oficial\u0173 status\u0105 loterijoje bei terminus kada galima pasi\u017ei\u016br\u0117ti rezultatus.<\/li><\/ul><p><strong>Gr\u0105\u017einimai ir keitimai<\/strong><\/p><ul class=\"wp-block-list\"><li>Jei persigalvojote ir norite gr\u0105\u017einti virtual\u0173 biliet\u0105 bei nebedalyvauti JAV \u017ealios kortos loterijoje per mus, turite mus informuoti kuo \u012fmanome grei\u010diau.<\/li>\n\n<li>Gr\u0105\u017einti virtual\u0173 biliet\u0105 galima tik su ta s\u0105lyg\u0105, jei dar nebuvote u\u017eregistruotas \u012f JAV \u017ealios kortos loterij\u0105 m\u016bs\u0173 svetain\u0117s komandos nari\u0173.<\/li>\n\n<li>U\u017eregistravus klient\u0105 \u012f JAV \u017ealios kortos loterij\u0105 per mus, pinig\u0173 gr\u0105\u017einimas nebegalimas, kadangi paslauga jau b\u016bna \u012fvykdyta ir jos at\u0161aukimas n\u0117ra \u012fmanomas.<\/li>\n\n<li>Pinig\u0173 gr\u0105\u017einimo i\u0161laidas apmoka klientas &#8211; banko privalomus pervedimo mokes\u010dius.<\/li><\/ul><p><strong>Privatumas<\/strong><\/p><ul class=\"wp-block-list\"><li>Mes gerbiame j\u016bs\u0173 privatum\u0105 ir laikom\u0117s vis\u0173 teis\u0117s akt\u0173 d\u0117l duomen\u0173 apsaugos.<\/li>\n\n<li>J\u016bs\u0173 pateikta asmenin\u0117 informacija bus naudojama tik u\u017esakym\u0173 vykdymui ir susisiekimui su jumis.<\/li><\/ul><p><strong>Kontaktai<\/strong><\/p><ul class=\"wp-block-list\"><li>Jei turite klausim\u0173 ar problem\u0173 susijusi\u0173 su j\u016bs\u0173 u\u017esakymu arba parduotuv\u0117s veikimu, pra\u0161ome susisiekti su mumis el. pa\u0161tu <a href=\"mailto:pagalba@zalia-korta.lt\">pagalba@zalia-korta.lt<\/a><\/li>\n\n<li>Svetain\u0117 Zalia-Korta.lt yra \u012fmon\u0117s Alvetas, MB nuosavyb\u0117.<\/li><\/ul><p><strong>Pakeitimai taisykl\u0117se<\/strong><\/p><ul class=\"wp-block-list\"><li>Mes galime atnaujinti \u0161ias svetain\u0117s taisykles laikas nuo laiko, atsi\u017evelgdami \u012f pasikeitusias aplinkybes ar teis\u0117s aktus.<\/li>\n\n<li>Kiekvienas pakeitimas bus skelbiamas \u0161iame dokumente su pakeitimo dat\u0105.<\/li><\/ul><p><em>Paskutinis atnaujinimas: 2024-01-<\/em>23<\/p>","protected":false},"excerpt":{"rendered":"<p>Svetain\u0117s taisykl\u0117s \u0160is dokumentas nustato zalia-korta.lt svetain\u0117s taisykles ir s\u0105lygas, kuriomis vyksta preki\u0173 pardavimas per m\u016bs\u0173 svetain\u0119. Skaitykite \u0161i\u0105 informacij\u0105<\/p>\n","protected":false},"author":1,"featured_media":0,"parent":0,"menu_order":0,"comment_status":"closed","ping_status":"closed","template":"","meta":{"_monsterinsights_skip_tracking":false,"_monsterinsights_sitenote_active":false,"_monsterinsights_sitenote_note":"","_monsterinsights_sitenote_category":0,"_uf_show_specific_survey":0,"_uf_disable_surveys":false,"footnotes":""},"class_list":["post-9","page","type-page","status-publish","hentry"],"aioseo_notices":[],"_links":{"self":[{"href":"https:\/\/zalia-korta.lt\/index.php\/wp-json\/wp\/v2\/pages\/9","targetHints":{"allow":["GET"]}}],"collection":[{"href":"https:\/\/zalia-korta.lt\/index.php\/wp-json\/wp\/v2\/pages"}],"about":[{"href":"https:\/\/zalia-korta.lt\/index.php\/wp-json\/wp\/v2\/types\/page"}],"author":[{"embeddable":true,"href":"https:\/\/zalia-korta.lt\/index.php\/wp-json\/wp\/v2\/users\/1"}],"replies":[{"embeddable":true,"href":"https:\/\/zalia-korta.lt\/index.php\/wp-json\/wp\/v2\/comments?post=9"}],"version-history":[{"count":4,"href":"https:\/\/zalia-korta.lt\/index.php\/wp-json\/wp\/v2\/pages\/9\/revisions"}],"predecessor-version":[{"id":15796,"href":"https:\/\/zalia-korta.lt\/index.php\/wp-json\/wp\/v2\/pages\/9\/revisions\/15796"}],"wp:attachment":[{"href":"https:\/\/zalia-korta.lt\/index.php\/wp-json\/wp\/v2\/media?parent=9"}],"curies":[{"name":"wp","href":"https:\/\/api.w.org\/{rel}","templated":true}]}}