{"id":15640,"date":"2023-08-24T14:53:51","date_gmt":"2023-08-24T14:53:51","guid":{"rendered":"https:\/\/zalia-korta.lt\/?post_type=product&#038;p=15640"},"modified":"2023-11-07T19:03:08","modified_gmt":"2023-11-07T19:03:08","slug":"bilietas","status":"publish","type":"product","link":"https:\/\/zalia-korta.lt\/index.php\/produktas\/bilietas\/","title":{"rendered":"Dalyvavimas DV-2026 loterijoje"},"content":{"rendered":"<p style=\"text-align: center;\"><strong>Dalyvavimas DV-2026 loterijoje<\/strong><\/p>\n<p>\u0160is bilietas suteikia galimyb\u0119 dalyvauti DV-2026 \u017ealios kortos loterijoje, kuri\u0105 organizuoja Jungtini\u0173 Amerikos Valstij\u0173 imigracijos tarnyba 2024-2026m. metais.<\/p>\n<p><strong>Vienas bilietas galioja vienam suaugusiam \u017emogui<\/strong>. Vienas suaug\u0119s bilieto tur\u0117tojas dalyvio anketoje privalo nurodyti savo sutuoktinio ir vaik\u0173 duomenis. Taip pat bus reikalingos j\u0173 nuotraukos.<\/p>\n<p>Jei esate pora, rekomenduojame pirkti du bilietus, nes taip padidinsite savo \u0161ansus laim\u0117ti (pvz. asmuo A registruodamasis nurodo B kaip sutuoktin\u012f, o B registruodamasis nurodo A kaip sutuoktin\u012f. Taip su dviem bilietais dvigubai i\u0161auga \u0161ansai laim\u0117ti, nes \u017ealios kortos laim\u0117jimo atveju sutuoktinis j\u0105 gauna taip pat)<\/p>\n<p><strong>Jei nesate susituok\u0119<\/strong>, loterijos laim\u0117jimo atveju j\u016bs\u0173 parneris \u017eali\u0105 kort\u0105 gal\u0117s gauti tik tuomet, jei susituoksite iki kito atrankos etapo &#8211; pokalbio JAV ambasadoje, Vilniuje. Trumpiau tariant &#8211; laim\u0117jimo atveju reik\u0117t\u0173 kuo grei\u010diau susituokti norint prad\u0117ti tvarkytis dokumentus ir i\u0161skristi kartu. Taip pat galima skristi vienam, susituokti tada kai jau tur\u0117site \u017eali\u0105 kort\u0105 ir b\u016bsite JAV, tuomet galima gauti sutuoktinio viz\u0105 kitu b\u016bdu.<\/p>\n<p>Dalyvauti loterijoje galima turint bent jau <strong>vidurin\u012f i\u0161silavinim\u0105<\/strong>.<\/p>\n<p>\u012esigijus biliet\u0105 per artimiausias 24 valandas (darbo dienomis) \u012f savo el. pa\u0161to d\u0117\u017eut\u0119 gausite anket\u0105, kuri\u0105 reik\u0117s u\u017epildyti, jog Zalia-Korta.lt komanda gal\u0117tu Jus s\u0117kmingai u\u017eregistruoti atrankoje.\u00a0<strong>Loterijos dalyvi\u0173 registracij\u0105 vyks 2024m. spalio &#8211; lapkri\u010dio m\u0117nesiais<\/strong>, tad galite \u0161\u012f biliet\u0105 \u012fsigyti jau dabar ir b\u016bti ram\u016bs, jog b\u016bsite u\u017eregistruotas loterijoje vos tik ji oficialiai atsidarys.<\/p>\n<p>Be privalom\u0173 pateikti duomen\u0173 bus reikalinga ir j\u016bs\u0173 nuotrauka, kuri turi atitikti reikalavimus &#8211; reikalavim\u0173 s\u0105ra\u0161\u0105 el. lai\u0161ku per 24h. nuo bilieto \u012fsigijimo.<\/p>\n<p>Pirmieji DV-2026 loterijos rezultatai pasirodys 2025m. gegu\u017e\u0117s m\u0117nes\u012f. Paskutiniai &#8211; 2025m. rugs\u0117jo m\u0117nes\u012f. Laim\u0117jus loterij\u0105 vyksta pasiruo\u0161imo i\u0161vykimui \u012f JAV darbai: pokalbis ambasadoje su JAV pareig\u016bnu, medicininiai patikrinimai ir j\u0173 tr\u016bkum\u0173 \u0161alinimas (pvz. skiepai). Laim\u0117jus loterij\u0105 bet kuriame etape galite atsisakyti keliauti \u012f JAV jei pasikeist\u0173 j\u016bs\u0173 planai, ta\u010diau ateityje norint gauti JAV nuolatinio gyventojo status\u0105 reik\u0117t\u0173 i\u0161 naujo dalyvauti loterijoje.<\/p>\n<p><strong>D\u0116MESIO! Primename, jog j\u016bs\u0173 dalyvavimas loterijoje neu\u017etikrina j\u016bs\u0173 pergal\u0117s. Tai yra LOTERIJA ir kaip ir kiekvienoje loterijoje \u0161ansai laim\u0117ti yra riboti.\u00a0<\/strong><\/p>\n","protected":false},"excerpt":{"rendered":"<p>B\u016bdami JAV \u017ealios kortos tur\u0117tojais, j\u016bs galite:<\/p>\n<ul>\n<li>Gyventi ir dirbti JAV.<\/li>\n<li>Gauti visas JAV nuolatinio gyventojo socialines garantijas.<\/li>\n<li>Laisvai keliauti tarp JAV valstij\u0173.<\/li>\n<li>Po 5 met\u0173 tapti Jungtini\u0173 Amerikos Valstij\u0173 pilie\u010diu.<\/li>\n<li>Pa\u017einti \u0160iaur\u0117s Amerikos gyventoj\u0173 kult\u016br\u0105 ir tur\u0117ti did\u017eiausi\u0105 savo gyvenime kelion\u0119.<\/li>\n<\/ul>\n<p>\u017dalios kortos loterija vyksta tik kart\u0105 per metus, dabar yra puiki proga sudalyvauti!<\/p>\n","protected":false},"featured_media":15667,"template":"","meta":{"_monsterinsights_skip_tracking":false,"_monsterinsights_sitenote_active":false,"_monsterinsights_sitenote_note":"","_monsterinsights_sitenote_category":0,"_uf_show_specific_survey":0,"_uf_disable_surveys":false},"product_brand":[],"product_cat":[84],"product_tag":[77,82,83,81,74,79,78,80,75,76],"class_list":{"0":"post-15640","1":"product","2":"type-product","3":"status-publish","4":"has-post-thumbnail","6":"product_cat-dv-2025","7":"product_tag-dv-lottery","8":"product_tag-emigracija","9":"product_tag-emigracija-i-jav","10":"product_tag-gauti-zalia-korta","11":"product_tag-green-card","12":"product_tag-gyvenimas-jav","13":"product_tag-imigracija","14":"product_tag-imigracija-i-jav","15":"product_tag-zalia-korta","16":"product_tag-zalios-kortos-loterija","18":"first","19":"instock","20":"sold-individually","21":"shipping-taxable","22":"purchasable","23":"product-type-variable","24":"has-default-attributes"},"aioseo_notices":[],"_links":{"self":[{"href":"https:\/\/zalia-korta.lt\/index.php\/wp-json\/wp\/v2\/product\/15640","targetHints":{"allow":["GET"]}}],"collection":[{"href":"https:\/\/zalia-korta.lt\/index.php\/wp-json\/wp\/v2\/product"}],"about":[{"href":"https:\/\/zalia-korta.lt\/index.php\/wp-json\/wp\/v2\/types\/product"}],"version-history":[{"count":6,"href":"https:\/\/zalia-korta.lt\/index.php\/wp-json\/wp\/v2\/product\/15640\/revisions"}],"predecessor-version":[{"id":15780,"href":"https:\/\/zalia-korta.lt\/index.php\/wp-json\/wp\/v2\/product\/15640\/revisions\/15780"}],"wp:featuredmedia":[{"embeddable":true,"href":"https:\/\/zalia-korta.lt\/index.php\/wp-json\/wp\/v2\/media\/15667"}],"wp:attachment":[{"href":"https:\/\/zalia-korta.lt\/index.php\/wp-json\/wp\/v2\/media?parent=15640"}],"wp:term":[{"taxonomy":"product_brand","embeddable":true,"href":"https:\/\/zalia-korta.lt\/index.php\/wp-json\/wp\/v2\/product_brand?post=15640"},{"taxonomy":"product_cat","embeddable":true,"href":"https:\/\/zalia-korta.lt\/index.php\/wp-json\/wp\/v2\/product_cat?post=15640"},{"taxonomy":"product_tag","embeddable":true,"href":"https:\/\/zalia-korta.lt\/index.php\/wp-json\/wp\/v2\/product_tag?post=15640"}],"curies":[{"name":"wp","href":"https:\/\/api.w.org\/{rel}","templated":true}]}}